{"id":51,"date":"2026-03-24T12:04:23","date_gmt":"2026-03-24T12:04:23","guid":{"rendered":"https:\/\/parallelmusicproductions.aleixdegispert.com\/?page_id=51"},"modified":"2026-03-24T15:59:41","modified_gmt":"2026-03-24T15:59:41","slug":"conjunto-cuba-tradicional-vilafranca-garraf","status":"publish","type":"page","link":"https:\/\/parallelmusicproductions.aleixdegispert.com\/index.php\/conjunto-cuba-tradicional-vilafranca-garraf\/","title":{"rendered":"Conjunt Cub\u00e0 Tradicional &#8211; Vilafranca\/Garraf"},"content":{"rendered":"\n<div class=\"wp-block-uagb-container uagb-block-d834a7b6 alignfull uagb-is-root-container\"><div class=\"uagb-container-inner-blocks-wrap\">\n<p>Conjunt de m\u00fasica cubana tradicional amb base a la zona del Garraf (Barcelona), ideal per a esdeveniments, festivals i celebracions.<\/p>\n\n\n\n<p>Formaci\u00f3 aut\u00e8ntica d\u2019estil cub\u00e0 festiu amb cantant i repertori basat en son, salsa, bolero i m\u00fasica tradicional cubana.<\/p>\n\n\n\n<p>Formaci\u00f3: veu, piano o tres cub\u00e0, contrabaix i percussi\u00f3<\/p>\n\n\n\n<p>Possibilitat d\u2019ampliar la formaci\u00f3 amb instruments de vent (trompeta o tromb\u00f3).<\/p>\n<\/div><\/div>\n\n\n\n<div class=\"wp-block-uagb-container uagb-block-050e5461 alignfull uagb-is-root-container\"><div class=\"uagb-container-inner-blocks-wrap\">\n<figure class=\"wp-block-embed is-type-video is-provider-youtube wp-block-embed-youtube wp-embed-aspect-9-16 wp-has-aspect-ratio\"><div class=\"wp-block-embed__wrapper\">\n<iframe loading=\"lazy\" title=\"Conjunto Cubano Tradicional\" width=\"422\" height=\"750\" src=\"https:\/\/www.youtube.com\/embed\/9_f5nfFSli8?feature=oembed\" frameborder=\"0\" allow=\"accelerometer; autoplay; clipboard-write; encrypted-media; gyroscope; picture-in-picture; web-share\" referrerpolicy=\"strict-origin-when-cross-origin\" allowfullscreen><\/iframe>\n<\/div><\/figure>\n<\/div><\/div>\n","protected":false},"excerpt":{"rendered":"<p>Conjunt de m\u00fasica cubana tradicional amb base a la zona del Garraf (Barcelona), ideal per a esdeveniments, festivals i celebracions. [&hellip;]<\/p>\n","protected":false},"author":1,"featured_media":0,"parent":0,"menu_order":0,"comment_status":"closed","ping_status":"closed","template":"","meta":{"_uag_custom_page_level_css":"","site-sidebar-layout":"default","site-content-layout":"","ast-site-content-layout":"default","site-content-style":"default","site-sidebar-style":"default","ast-global-header-display":"","ast-banner-title-visibility":"","ast-main-header-display":"","ast-hfb-above-header-display":"","ast-hfb-below-header-display":"","ast-hfb-mobile-header-display":"","site-post-title":"","ast-breadcrumbs-content":"","ast-featured-img":"","footer-sml-layout":"","ast-disable-related-posts":"","theme-transparent-header-meta":"","adv-header-id-meta":"","stick-header-meta":"","header-above-stick-meta":"","header-main-stick-meta":"","header-below-stick-meta":"","astra-migrate-meta-layouts":"default","ast-page-background-enabled":"default","ast-page-background-meta":{"desktop":{"background-color":"var(--ast-global-color-5)","background-image":"","background-repeat":"repeat","background-position":"center center","background-size":"auto","background-attachment":"scroll","background-type":"","background-media":"","overlay-type":"","overlay-color":"","overlay-opacity":"","overlay-gradient":""},"tablet":{"background-color":"","background-image":"","background-repeat":"repeat","background-position":"center center","background-size":"auto","background-attachment":"scroll","background-type":"","background-media":"","overlay-type":"","overlay-color":"","overlay-opacity":"","overlay-gradient":""},"mobile":{"background-color":"","background-image":"","background-repeat":"repeat","background-position":"center center","background-size":"auto","background-attachment":"scroll","background-type":"","background-media":"","overlay-type":"","overlay-color":"","overlay-opacity":"","overlay-gradient":""}},"ast-content-background-meta":{"desktop":{"background-color":"var(--ast-global-color-4)","background-image":"","background-repeat":"repeat","background-position":"center center","background-size":"auto","background-attachment":"scroll","background-type":"","background-media":"","overlay-type":"","overlay-color":"","overlay-opacity":"","overlay-gradient":""},"tablet":{"background-color":"var(--ast-global-color-4)","background-image":"","background-repeat":"repeat","background-position":"center center","background-size":"auto","background-attachment":"scroll","background-type":"","background-media":"","overlay-type":"","overlay-color":"","overlay-opacity":"","overlay-gradient":""},"mobile":{"background-color":"var(--ast-global-color-4)","background-image":"","background-repeat":"repeat","background-position":"center center","background-size":"auto","background-attachment":"scroll","background-type":"","background-media":"","overlay-type":"","overlay-color":"","overlay-opacity":"","overlay-gradient":""}},"footnotes":""},"class_list":["post-51","page","type-page","status-publish","hentry"],"uagb_featured_image_src":{"full":false,"thumbnail":false,"medium":false,"medium_large":false,"large":false,"1536x1536":false,"2048x2048":false},"uagb_author_info":{"display_name":"admin","author_link":"https:\/\/parallelmusicproductions.aleixdegispert.com\/index.php\/author\/admin\/"},"uagb_comment_info":0,"uagb_excerpt":"Conjunt de m\u00fasica cubana tradicional amb base a la zona del Garraf (Barcelona), ideal per a esdeveniments, festivals i celebracions. [&hellip;]","_links":{"self":[{"href":"https:\/\/parallelmusicproductions.aleixdegispert.com\/index.php\/wp-json\/wp\/v2\/pages\/51","targetHints":{"allow":["GET"]}}],"collection":[{"href":"https:\/\/parallelmusicproductions.aleixdegispert.com\/index.php\/wp-json\/wp\/v2\/pages"}],"about":[{"href":"https:\/\/parallelmusicproductions.aleixdegispert.com\/index.php\/wp-json\/wp\/v2\/types\/page"}],"author":[{"embeddable":true,"href":"https:\/\/parallelmusicproductions.aleixdegispert.com\/index.php\/wp-json\/wp\/v2\/users\/1"}],"replies":[{"embeddable":true,"href":"https:\/\/parallelmusicproductions.aleixdegispert.com\/index.php\/wp-json\/wp\/v2\/comments?post=51"}],"version-history":[{"count":2,"href":"https:\/\/parallelmusicproductions.aleixdegispert.com\/index.php\/wp-json\/wp\/v2\/pages\/51\/revisions"}],"predecessor-version":[{"id":56,"href":"https:\/\/parallelmusicproductions.aleixdegispert.com\/index.php\/wp-json\/wp\/v2\/pages\/51\/revisions\/56"}],"wp:attachment":[{"href":"https:\/\/parallelmusicproductions.aleixdegispert.com\/index.php\/wp-json\/wp\/v2\/media?parent=51"}],"curies":[{"name":"wp","href":"https:\/\/api.w.org\/{rel}","templated":true}]}}