{"id":63,"date":"2026-03-31T22:03:48","date_gmt":"2026-03-31T22:03:48","guid":{"rendered":"http:\/\/parallelmusicproductions.aleixdegispert.com\/?page_id=63"},"modified":"2026-04-09T09:43:25","modified_gmt":"2026-04-09T09:43:25","slug":"proposta-de-programacio-fira-indians-st-pere-de-ribes-2026","status":"publish","type":"page","link":"https:\/\/parallelmusicproductions.aleixdegispert.com\/","title":{"rendered":"Proposta de Programaci\u00f3 Fira Indians St Pere de Ribes 2026"},"content":{"rendered":"\n<h1 class=\"wp-block-heading\"><strong>Fira d\u2019Indians \u2013 Sant Pere de Ribes<\/strong><\/h1>\n\n\n\n<h2 class=\"wp-block-heading\"><strong>6 i 7 de juny<\/strong><\/h2>\n\n\n\n<p>Proposta de programaci\u00f3 musical pensada per crear diferents ambients al llarg de la jornada: concerts \u00abde caf\u00e8\u00bb a la tarda, cantada d\u2019havaneres, concert de boleros i m\u00fasica ballable per animar la nit.<\/p>\n\n\n\n<p>Les formacions presentades s\u00f3n formats flexibles i adaptables a espais oberts i escenaris de pla\u00e7a.<\/p>\n\n\n\n<hr class=\"wp-block-separator has-alpha-channel-opacity\"\/>\n\n\n\n<h1 class=\"wp-block-heading\"><strong>Concert de tarda<\/strong><\/h1>\n\n\n\n<h2 class=\"wp-block-heading\"><strong>M\u00fasica a la pla\u00e7a \u2013 formats ac\u00fastics<\/strong><\/h2>\n\n\n\n<p>Proposta musical pensada per crear ambient durant les primeres hores de la tarda, amb repertoris vinculats a l\u2019imaginari musical dels indians i la tradici\u00f3 musical caribenya i mediterr\u00e0nia.<\/p>\n\n\n\n<h4 class=\"wp-block-heading\"><strong>Dissabte 6 de Juny <\/strong><\/h4>\n\n\n\n<h2 class=\"wp-block-heading\"><strong>Trio Gemma C.<\/strong><\/h2>\n\n\n\n<div class=\"wp-block-uagb-container uagb-block-c80cecdf alignfull uagb-is-root-container\"><div class=\"uagb-container-inner-blocks-wrap\">\n<div class=\"wp-block-columns is-layout-flex wp-container-core-columns-is-layout-28f84493 wp-block-columns-is-layout-flex\">\n<div class=\"wp-block-column is-layout-flow wp-block-column-is-layout-flow\" style=\"flex-basis:66.66%\">\n<figure class=\"wp-block-embed is-type-video is-provider-youtube wp-block-embed-youtube wp-embed-aspect-16-9 wp-has-aspect-ratio\"><div class=\"wp-block-embed__wrapper\">\n<iframe loading=\"lazy\" title=\"Gemma C\" width=\"500\" height=\"281\" src=\"https:\/\/www.youtube.com\/embed\/Vqv8uU81zas?feature=oembed\" frameborder=\"0\" allow=\"accelerometer; autoplay; clipboard-write; encrypted-media; gyroscope; picture-in-picture; web-share\" referrerpolicy=\"strict-origin-when-cross-origin\" allowfullscreen><\/iframe>\n<\/div><\/figure>\n<\/div>\n\n\n\n<div class=\"wp-block-column is-layout-flow wp-block-column-is-layout-flow\" style=\"flex-basis:33.33%\"><\/div>\n<\/div>\n<\/div><\/div>\n\n\n\n<p>Formaci\u00f3 ac\u00fastica amb veu principal femenina, guitarra i multiinstrumentista (guitarra, veu i percussi\u00f3) que presenta un repertori vinculat a la can\u00e7\u00f3 mediterr\u00e0nia, la tradici\u00f3 popular dels Pa\u00efsos Catalans i els vincles amb Cuba i el continent americ\u00e0.<\/p>\n\n\n\n<p>La proposta destaca per la veu bonica i personal de la cantant, amb una interpretaci\u00f3 propera i expressiva.<\/p>\n\n\n\n<p>El programa combina can\u00e7\u00f3 catalana, repertori d\u2019arrel (jotes i can\u00e7\u00f3 tradicional), havaneres i boleros.<\/p>\n\n\n\n<p><strong>Formaci\u00f3<\/strong><\/p>\n\n\n\n<ul class=\"wp-block-list\">\n<li>veu femenina<\/li>\n\n\n\n<li>guitarra \/ veu<\/li>\n\n\n\n<li>guitarra\/ veu \/ Percussi\u00f3<\/li>\n<\/ul>\n\n\n\n<p><\/p>\n\n\n\n<hr class=\"wp-block-separator has-alpha-channel-opacity\"\/>\n\n\n\n<h4 class=\"wp-block-heading\"><strong>Diumenge 7 de Juny <\/strong><\/h4>\n\n\n\n<h2 class=\"wp-block-heading\"><strong>Aleix D. -Trio ac\u00fastic mediterrani <\/strong><\/h2>\n\n\n\n<div class=\"wp-block-uagb-container uagb-block-f5603d36 alignfull uagb-is-root-container\"><div class=\"uagb-container-inner-blocks-wrap\">\n<div class=\"wp-block-columns is-layout-flex wp-container-core-columns-is-layout-28f84493 wp-block-columns-is-layout-flex\">\n<div class=\"wp-block-column is-layout-flow wp-block-column-is-layout-flow\" style=\"flex-basis:66.66%\">\n<figure class=\"wp-block-embed is-type-video is-provider-youtube wp-block-embed-youtube wp-embed-aspect-16-9 wp-has-aspect-ratio\"><div class=\"wp-block-embed__wrapper\">\n<iframe loading=\"lazy\" title=\"Duet Mediterrani i Cantautor\" width=\"500\" height=\"281\" src=\"https:\/\/www.youtube.com\/embed\/_7jQ0LZIB0E?feature=oembed\" frameborder=\"0\" allow=\"accelerometer; autoplay; clipboard-write; encrypted-media; gyroscope; picture-in-picture; web-share\" referrerpolicy=\"strict-origin-when-cross-origin\" allowfullscreen><\/iframe>\n<\/div><\/figure>\n<\/div>\n\n\n\n<div class=\"wp-block-column is-layout-flow wp-block-column-is-layout-flow\" style=\"flex-basis:33.33%\"><\/div>\n<\/div>\n<\/div><\/div>\n\n\n\n<p>Formaci\u00f3 ac\u00fastica amb veu i guitarra, guitarra\/violoncel i percussi\u00f3 que presenta un repertori vinculat a la can\u00e7\u00f3 mediterr\u00e0nia, la mar i l\u2019imaginari mariner, amb una sonoritat rica i un impuls r\u00edtmic que aporta dinamisme al conjunt.<\/p>\n\n\n\n<p>El programa combina can\u00e7\u00f3 catalana, llatinoamericana, havaneres i fados reinterpretats majorit\u00e0riament en catal\u00e0.<\/p>\n\n\n\n<p><strong>Formaci\u00f3<\/strong><\/p>\n\n\n\n<ul class=\"wp-block-list\">\n<li>veu i guitarra<\/li>\n\n\n\n<li>guitarra \/ veu \/ violoncel<\/li>\n\n\n\n<li>percussi\u00f3<\/li>\n<\/ul>\n\n\n\n<p><\/p>\n\n\n\n<hr class=\"wp-block-separator has-alpha-channel-opacity\"\/>\n\n\n\n<h1 class=\"wp-block-heading\"><strong>Concert de Boleros i Cantada d&#8217;Havaneres<\/strong><\/h1>\n\n\n\n<h4 class=\"wp-block-heading\"><strong><strong>Dissabte 6 de Juny<\/strong><\/strong><\/h4>\n\n\n\n<h2 class=\"wp-block-heading\"><strong>Quartet de Boleros Tradicional<\/strong><\/h2>\n\n\n\n<p>Conjunt de boleros amb base a la zona del Garraf (Vilanova i la Geltr\u00fa), amb repertori de bolero cl\u00e0ssic en format elegant i ac\u00fastic.<\/p>\n\n\n\n<p><strong>Formaci\u00f3<\/strong><\/p>\n\n\n\n<ul class=\"wp-block-list\">\n<li>veu<\/li>\n\n\n\n<li>piano o tres cub\u00e0<\/li>\n\n\n\n<li>contrabaix<\/li>\n\n\n\n<li>percussi\u00f3<\/li>\n<\/ul>\n\n\n\n<div class=\"wp-block-uagb-container uagb-block-9728eab3 alignfull uagb-is-root-container\"><div class=\"uagb-container-inner-blocks-wrap\">\n<div class=\"wp-block-columns is-layout-flex wp-container-core-columns-is-layout-28f84493 wp-block-columns-is-layout-flex\">\n<div class=\"wp-block-column is-layout-flow wp-block-column-is-layout-flow\" style=\"flex-basis:66.66%\">\n<figure class=\"wp-block-embed is-type-video is-provider-youtube wp-block-embed-youtube wp-embed-aspect-16-9 wp-has-aspect-ratio\"><div class=\"wp-block-embed__wrapper\">\n<iframe loading=\"lazy\" title=\"Conjunto de boleros cl\u00e1sico \u2013 Garraf\" width=\"500\" height=\"281\" src=\"https:\/\/www.youtube.com\/embed\/SQDa2OtgGXo?feature=oembed\" frameborder=\"0\" allow=\"accelerometer; autoplay; clipboard-write; encrypted-media; gyroscope; picture-in-picture; web-share\" referrerpolicy=\"strict-origin-when-cross-origin\" allowfullscreen><\/iframe>\n<\/div><\/figure>\n<\/div>\n\n\n\n<div class=\"wp-block-column is-layout-flow wp-block-column-is-layout-flow\" style=\"flex-basis:33.33%\"><\/div>\n<\/div>\n<\/div><\/div>\n\n\n\n<hr class=\"wp-block-separator has-alpha-channel-opacity\"\/>\n\n\n\n<h4 class=\"wp-block-heading\"><strong><strong>Diumenge 7 de Juny<\/strong><\/strong><\/h4>\n\n\n\n<h2 class=\"wp-block-heading\"><strong>Grup d\u2019Havaneres<\/strong> GARRAF<\/h2>\n\n\n\n<p>Formaci\u00f3 d\u2019havaneres amb base al Garraf (Olivella i Sant Pere de Ribes) que ofereix un repertori de tradici\u00f3 marinera \u2014 havaneres, can\u00e7\u00f3 de taverna i valsos \u2014 amb una sonoritat vocal rica, composta per dues veus masculines i dues femenines, amb acompanyament de guitarra.<\/p>\n\n\n\n<p><strong>Formaci\u00f3<\/strong><\/p>\n\n\n\n<ul class=\"wp-block-list\">\n<li>veu i guitarra<\/li>\n\n\n\n<li>veu <\/li>\n\n\n\n<li>veu <\/li>\n\n\n\n<li>veu <\/li>\n<\/ul>\n\n\n\n<div class=\"wp-block-uagb-container uagb-block-bcafeb75 alignfull uagb-is-root-container\"><div class=\"uagb-container-inner-blocks-wrap\">\n<div class=\"wp-block-columns is-layout-flex wp-container-core-columns-is-layout-28f84493 wp-block-columns-is-layout-flex\">\n<div class=\"wp-block-column is-layout-flow wp-block-column-is-layout-flow\" style=\"flex-basis:66.66%\">\n<figure class=\"wp-block-embed is-type-video is-provider-youtube wp-block-embed-youtube wp-embed-aspect-16-9 wp-has-aspect-ratio\"><div class=\"wp-block-embed__wrapper\">\n<iframe loading=\"lazy\" title=\"Havaneres del Garraf (quartet mixte)\" width=\"500\" height=\"281\" src=\"https:\/\/www.youtube.com\/embed\/f5tGG1QAL2o?feature=oembed\" frameborder=\"0\" allow=\"accelerometer; autoplay; clipboard-write; encrypted-media; gyroscope; picture-in-picture; web-share\" referrerpolicy=\"strict-origin-when-cross-origin\" allowfullscreen><\/iframe>\n<\/div><\/figure>\n<\/div>\n\n\n\n<div class=\"wp-block-column is-layout-flow wp-block-column-is-layout-flow\" style=\"flex-basis:33.33%\"><\/div>\n<\/div>\n<\/div><\/div>\n\n\n\n<hr class=\"wp-block-separator has-alpha-channel-opacity\"\/>\n\n\n\n<h1 class=\"wp-block-heading\"><strong>M\u00fasica ballable Vespre\/Nit<\/strong><\/h1>\n\n\n\n<h4 class=\"wp-block-heading\"><strong>Dissabte 6 de Juny<\/strong><\/h4>\n\n\n\n<h2 class=\"wp-block-heading\"><strong>Quartet de son i salsa cubana<\/strong> Tradicional<\/h2>\n\n\n\n<p>Conjunt de m\u00fasica cubana tradicional amb base a la zona del Garraf (Vilanova i la Geltr\u00fa).<\/p>\n\n\n\n<p>Formaci\u00f3 aut\u00e8ntica d\u2019estil cub\u00e0 festiu amb cantant i animadora, i repertori basat en son, salsa, bolero i m\u00fasica tradicional cubana.<\/p>\n\n\n\n<p><strong>Formaci\u00f3<\/strong><\/p>\n\n\n\n<ul class=\"wp-block-list\">\n<li>cantant <\/li>\n\n\n\n<li>piano<\/li>\n\n\n\n<li>contrabaix <\/li>\n\n\n\n<li>percussio cubana<\/li>\n<\/ul>\n\n\n\n<div class=\"wp-block-uagb-container uagb-block-d2a8d7fb alignfull uagb-is-root-container\"><div class=\"uagb-container-inner-blocks-wrap\">\n<div class=\"wp-block-columns is-layout-flex wp-container-core-columns-is-layout-28f84493 wp-block-columns-is-layout-flex\">\n<div class=\"wp-block-column is-layout-flow wp-block-column-is-layout-flow\" style=\"flex-basis:66.66%\">\n<figure class=\"wp-block-embed is-type-video is-provider-youtube wp-block-embed-youtube wp-embed-aspect-9-16 wp-has-aspect-ratio\"><div class=\"wp-block-embed__wrapper\">\n<iframe loading=\"lazy\" title=\"Conjunto Cubano Tradicional\" width=\"422\" height=\"750\" src=\"https:\/\/www.youtube.com\/embed\/9_f5nfFSli8?feature=oembed\" frameborder=\"0\" allow=\"accelerometer; autoplay; clipboard-write; encrypted-media; gyroscope; picture-in-picture; web-share\" referrerpolicy=\"strict-origin-when-cross-origin\" allowfullscreen><\/iframe>\n<\/div><\/figure>\n<\/div>\n\n\n\n<div class=\"wp-block-column is-layout-flow wp-block-column-is-layout-flow\" style=\"flex-basis:33.33%\"><\/div>\n<\/div>\n<\/div><\/div>\n\n\n\n<hr class=\"wp-block-separator has-alpha-channel-opacity\"\/>\n\n\n\n<h4 class=\"wp-block-heading\"><strong>Diumege 7 de Juny<\/strong><\/h4>\n\n\n\n<h2 class=\"wp-block-heading\"><strong>Trio de S<\/strong>alsa Afrocubana<\/h2>\n\n\n\n<p>Trio de salsa afrocubana energ\u00e8tic format per veu i baix, percussi\u00f3 cubana i teclista (afincat a Vilanova i la Geltr\u00fa). Tres m\u00fasics joves amb un repertori trepidant de m\u00fasica afrocubana pensat per fer ballar i crear un ambient molt festiu i animat.<\/p>\n\n\n\n<p><strong>Formaci\u00f3<\/strong><\/p>\n\n\n\n<ul class=\"wp-block-list\">\n<li>veu i baix<\/li>\n\n\n\n<li>percussi\u00f3 cubana<\/li>\n\n\n\n<li>teclat<\/li>\n<\/ul>\n\n\n\n<p><strong>Opcional:<\/strong>&nbsp;<strong>ampliable a quartet amb instrument de vent.<\/strong><\/p>\n\n\n\n<div class=\"wp-block-uagb-container uagb-block-3e7c3df6 alignfull uagb-is-root-container\"><div class=\"uagb-container-inner-blocks-wrap\">\n<div class=\"wp-block-columns is-layout-flex wp-container-core-columns-is-layout-28f84493 wp-block-columns-is-layout-flex\">\n<div class=\"wp-block-column is-layout-flow wp-block-column-is-layout-flow\">\n<figure class=\"wp-block-embed is-type-video is-provider-youtube wp-block-embed-youtube wp-embed-aspect-9-16 wp-has-aspect-ratio\"><div class=\"wp-block-embed__wrapper\">\n<iframe loading=\"lazy\" title=\"Trio de Salsa Afrocubana\" width=\"422\" height=\"750\" src=\"https:\/\/www.youtube.com\/embed\/7GA8Q_rpcqE?feature=oembed\" frameborder=\"0\" allow=\"accelerometer; autoplay; clipboard-write; encrypted-media; gyroscope; picture-in-picture; web-share\" referrerpolicy=\"strict-origin-when-cross-origin\" allowfullscreen><\/iframe>\n<\/div><\/figure>\n<\/div>\n\n\n\n<div class=\"wp-block-column is-layout-flow wp-block-column-is-layout-flow\">\n<figure class=\"wp-block-embed is-type-video is-provider-youtube wp-block-embed-youtube wp-embed-aspect-9-16 wp-has-aspect-ratio\"><div class=\"wp-block-embed__wrapper\">\n<iframe loading=\"lazy\" title=\"Trio de Salsa Afrocubana Video 2\" width=\"422\" height=\"750\" src=\"https:\/\/www.youtube.com\/embed\/UYSC0nEvlaE?feature=oembed\" frameborder=\"0\" allow=\"accelerometer; autoplay; clipboard-write; encrypted-media; gyroscope; picture-in-picture; web-share\" referrerpolicy=\"strict-origin-when-cross-origin\" allowfullscreen><\/iframe>\n<\/div><\/figure>\n<\/div>\n<\/div>\n<\/div><\/div>\n\n\n\n<hr class=\"wp-block-separator has-alpha-channel-opacity\"\/>\n\n","protected":false},"excerpt":{"rendered":"<p>Fira d\u2019Indians \u2013 Sant Pere de Ribes 6 i 7 de juny Proposta de programaci\u00f3 musical pensada per crear diferents [&hellip;]<\/p>\n","protected":false},"author":1,"featured_media":0,"parent":0,"menu_order":0,"comment_status":"closed","ping_status":"closed","template":"","meta":{"_uag_custom_page_level_css":"","site-sidebar-layout":"default","site-content-layout":"","ast-site-content-layout":"default","site-content-style":"default","site-sidebar-style":"default","ast-global-header-display":"","ast-banner-title-visibility":"","ast-main-header-display":"","ast-hfb-above-header-display":"","ast-hfb-below-header-display":"","ast-hfb-mobile-header-display":"","site-post-title":"","ast-breadcrumbs-content":"","ast-featured-img":"","footer-sml-layout":"","ast-disable-related-posts":"","theme-transparent-header-meta":"","adv-header-id-meta":"","stick-header-meta":"","header-above-stick-meta":"","header-main-stick-meta":"","header-below-stick-meta":"","astra-migrate-meta-layouts":"default","ast-page-background-enabled":"default","ast-page-background-meta":{"desktop":{"background-color":"var(--ast-global-color-5)","background-image":"","background-repeat":"repeat","background-position":"center center","background-size":"auto","background-attachment":"scroll","background-type":"","background-media":"","overlay-type":"","overlay-color":"","overlay-opacity":"","overlay-gradient":""},"tablet":{"background-color":"","background-image":"","background-repeat":"repeat","background-position":"center center","background-size":"auto","background-attachment":"scroll","background-type":"","background-media":"","overlay-type":"","overlay-color":"","overlay-opacity":"","overlay-gradient":""},"mobile":{"background-color":"","background-image":"","background-repeat":"repeat","background-position":"center center","background-size":"auto","background-attachment":"scroll","background-type":"","background-media":"","overlay-type":"","overlay-color":"","overlay-opacity":"","overlay-gradient":""}},"ast-content-background-meta":{"desktop":{"background-color":"var(--ast-global-color-4)","background-image":"","background-repeat":"repeat","background-position":"center center","background-size":"auto","background-attachment":"scroll","background-type":"","background-media":"","overlay-type":"","overlay-color":"","overlay-opacity":"","overlay-gradient":""},"tablet":{"background-color":"var(--ast-global-color-4)","background-image":"","background-repeat":"repeat","background-position":"center center","background-size":"auto","background-attachment":"scroll","background-type":"","background-media":"","overlay-type":"","overlay-color":"","overlay-opacity":"","overlay-gradient":""},"mobile":{"background-color":"var(--ast-global-color-4)","background-image":"","background-repeat":"repeat","background-position":"center center","background-size":"auto","background-attachment":"scroll","background-type":"","background-media":"","overlay-type":"","overlay-color":"","overlay-opacity":"","overlay-gradient":""}},"footnotes":""},"class_list":["post-63","page","type-page","status-publish","hentry"],"uagb_featured_image_src":{"full":false,"thumbnail":false,"medium":false,"medium_large":false,"large":false,"1536x1536":false,"2048x2048":false},"uagb_author_info":{"display_name":"admin","author_link":"https:\/\/parallelmusicproductions.aleixdegispert.com\/index.php\/author\/admin\/"},"uagb_comment_info":0,"uagb_excerpt":"Fira d\u2019Indians \u2013 Sant Pere de Ribes 6 i 7 de juny Proposta de programaci\u00f3 musical pensada per crear diferents [&hellip;]","_links":{"self":[{"href":"https:\/\/parallelmusicproductions.aleixdegispert.com\/index.php\/wp-json\/wp\/v2\/pages\/63","targetHints":{"allow":["GET"]}}],"collection":[{"href":"https:\/\/parallelmusicproductions.aleixdegispert.com\/index.php\/wp-json\/wp\/v2\/pages"}],"about":[{"href":"https:\/\/parallelmusicproductions.aleixdegispert.com\/index.php\/wp-json\/wp\/v2\/types\/page"}],"author":[{"embeddable":true,"href":"https:\/\/parallelmusicproductions.aleixdegispert.com\/index.php\/wp-json\/wp\/v2\/users\/1"}],"replies":[{"embeddable":true,"href":"https:\/\/parallelmusicproductions.aleixdegispert.com\/index.php\/wp-json\/wp\/v2\/comments?post=63"}],"version-history":[{"count":6,"href":"https:\/\/parallelmusicproductions.aleixdegispert.com\/index.php\/wp-json\/wp\/v2\/pages\/63\/revisions"}],"predecessor-version":[{"id":75,"href":"https:\/\/parallelmusicproductions.aleixdegispert.com\/index.php\/wp-json\/wp\/v2\/pages\/63\/revisions\/75"}],"wp:attachment":[{"href":"https:\/\/parallelmusicproductions.aleixdegispert.com\/index.php\/wp-json\/wp\/v2\/media?parent=63"}],"curies":[{"name":"wp","href":"https:\/\/api.w.org\/{rel}","templated":true}]}}